{"id":100,"date":"2023-02-07T20:45:46","date_gmt":"2023-02-07T20:45:46","guid":{"rendered":"https:\/\/www.omstartslan.com\/no\/?page_id=100"},"modified":"2023-02-07T20:45:47","modified_gmt":"2023-02-07T20:45:47","slug":"om-oss","status":"publish","type":"page","link":"https:\/\/www.omstartslan.com\/no\/om-oss\/","title":{"rendered":"Om oss"},"content":{"rendered":"<p>Omstartsl\u00e5n.com er bygget og driftes av Affilico AS.<\/p>\n<p>Omstartsl\u00e5n.com er en sammenligningstjeneste som gj\u00f8r det enklere for deg \u00e5 ta gode valg n\u00e5r du skal l\u00e5ne eller spare penger. Vi sammenligner l\u00e5n med sikkerhet, lager kalkulatorer og mye mer for \u00e5 hjelpe og veilede deg innen personlig \u00f8konomi.<\/p>\n<p>Omstartsl\u00e5n.com (\u00abvi\u00bb) er ikke en l\u00e5ngiver, finansiell r\u00e5dgiver eller noen annen form for en finansiell institusjon. <\/p>\n<p>Vi sammenligner finansielle produkter og tjenester for \u00e5 hjelpe brukerne v\u00e5re med \u00e5 spare tid og penger. <\/p>\n<p>Vi er ikke ansvarlige for feilaktig informasjon eller un\u00f8yaktighet av renter, selskap informasjon eller annen data \u2013 det er derfor kundens ansvar \u00e5 alltid sjekke at informasjonen stemmer f\u00f8r tjenesten tas i bruk. <\/p>\n<p>N\u00e5r du bruker Omstartsl\u00e5n.com, aksepterer du v\u00e5re vilk\u00e5r og betingelser, og at vi bruker cookies. Noen av tilbudene i sammenligningene v\u00e5re er fra tredjepartsannons\u00f8rer som vi mottar en kompensasjon fra.<\/p>\n","protected":false},"excerpt":{"rendered":"<p>Omstartsl\u00e5n.com er bygget og driftes av Affilico AS. Omstartsl\u00e5n.com er en sammenligningstjeneste som gj\u00f8r det enklere for deg \u00e5 ta gode valg n\u00e5r du skal l\u00e5ne eller spare penger. Vi sammenligner l\u00e5n med sikkerhet, lager kalkulatorer og mye mer for \u00e5 hjelpe og veilede deg innen personlig \u00f8konomi. Omstartsl\u00e5n.com (\u00abvi\u00bb) er ikke en l\u00e5ngiver, finansiell&#8230;<\/p>\n","protected":false},"author":5,"featured_media":0,"parent":0,"menu_order":0,"comment_status":"closed","ping_status":"closed","template":"","meta":{"footnotes":""},"class_list":["post-100","page","type-page","status-publish","hentry"],"yoast_head":"<!-- This site is optimized with the Yoast SEO plugin v24.7 - https:\/\/yoast.com\/wordpress\/plugins\/seo\/ -->\n<title>Om oss - Omstartslan Norge<\/title>\n<meta name=\"robots\" content=\"index, follow, max-snippet:-1, max-image-preview:large, max-video-preview:-1\" \/>\n<link rel=\"canonical\" href=\"https:\/\/www.omstartslan.com\/no\/om-oss\/\" \/>\n<meta property=\"og:locale\" content=\"nb_NO\" \/>\n<meta property=\"og:type\" content=\"article\" \/>\n<meta property=\"og:title\" content=\"Om oss - Omstartslan Norge\" \/>\n<meta property=\"og:description\" content=\"Omstartsl\u00e5n.com er bygget og driftes av Affilico AS. Omstartsl\u00e5n.com er en sammenligningstjeneste som gj\u00f8r det enklere for deg \u00e5 ta gode valg n\u00e5r du skal l\u00e5ne eller spare penger. Vi sammenligner l\u00e5n med sikkerhet, lager kalkulatorer og mye mer for \u00e5 hjelpe og veilede deg innen personlig \u00f8konomi. Omstartsl\u00e5n.com (\u00abvi\u00bb) er ikke en l\u00e5ngiver, finansiell...\" \/>\n<meta property=\"og:url\" content=\"https:\/\/www.omstartslan.com\/no\/om-oss\/\" \/>\n<meta property=\"og:site_name\" content=\"Omstartslan Norge\" \/>\n<meta property=\"article:modified_time\" content=\"2023-02-07T20:45:47+00:00\" \/>\n<meta name=\"twitter:card\" content=\"summary_large_image\" \/>\n<meta name=\"twitter:label1\" content=\"Ansl. lesetid\" \/>\n\t<meta name=\"twitter:data1\" content=\"1 minutt\" \/>\n<script type=\"application\/ld+json\" class=\"yoast-schema-graph\">{\"@context\":\"https:\/\/schema.org\",\"@graph\":[{\"@type\":\"WebPage\",\"@id\":\"https:\/\/www.omstartslan.com\/no\/om-oss\/\",\"url\":\"https:\/\/www.omstartslan.com\/no\/om-oss\/\",\"name\":\"Om oss - Omstartslan Norge\",\"isPartOf\":{\"@id\":\"https:\/\/www.omstartslan.com\/no\/#website\"},\"datePublished\":\"2023-02-07T20:45:46+00:00\",\"dateModified\":\"2023-02-07T20:45:47+00:00\",\"inLanguage\":\"nb-NO\",\"potentialAction\":[{\"@type\":\"ReadAction\",\"target\":[\"https:\/\/www.omstartslan.com\/no\/om-oss\/\"]}]},{\"@type\":\"WebSite\",\"@id\":\"https:\/\/www.omstartslan.com\/no\/#website\",\"url\":\"https:\/\/www.omstartslan.com\/no\/\",\"name\":\"Omstartslan Norge\",\"description\":\"F\u00e5 en ny start med et omstartsl\u00e5n\",\"potentialAction\":[{\"@type\":\"SearchAction\",\"target\":{\"@type\":\"EntryPoint\",\"urlTemplate\":\"https:\/\/www.omstartslan.com\/no\/?s={search_term_string}\"},\"query-input\":{\"@type\":\"PropertyValueSpecification\",\"valueRequired\":true,\"valueName\":\"search_term_string\"}}],\"inLanguage\":\"nb-NO\"}]}<\/script>\n<!-- \/ Yoast SEO plugin. -->","yoast_head_json":{"title":"Om oss - Omstartslan Norge","robots":{"index":"index","follow":"follow","max-snippet":"max-snippet:-1","max-image-preview":"max-image-preview:large","max-video-preview":"max-video-preview:-1"},"canonical":"https:\/\/www.omstartslan.com\/no\/om-oss\/","og_locale":"nb_NO","og_type":"article","og_title":"Om oss - Omstartslan Norge","og_description":"Omstartsl\u00e5n.com er bygget og driftes av Affilico AS. Omstartsl\u00e5n.com er en sammenligningstjeneste som gj\u00f8r det enklere for deg \u00e5 ta gode valg n\u00e5r du skal l\u00e5ne eller spare penger. Vi sammenligner l\u00e5n med sikkerhet, lager kalkulatorer og mye mer for \u00e5 hjelpe og veilede deg innen personlig \u00f8konomi. Omstartsl\u00e5n.com (\u00abvi\u00bb) er ikke en l\u00e5ngiver, finansiell...","og_url":"https:\/\/www.omstartslan.com\/no\/om-oss\/","og_site_name":"Omstartslan Norge","article_modified_time":"2023-02-07T20:45:47+00:00","twitter_card":"summary_large_image","twitter_misc":{"Ansl. lesetid":"1 minutt"},"schema":{"@context":"https:\/\/schema.org","@graph":[{"@type":"WebPage","@id":"https:\/\/www.omstartslan.com\/no\/om-oss\/","url":"https:\/\/www.omstartslan.com\/no\/om-oss\/","name":"Om oss - Omstartslan Norge","isPartOf":{"@id":"https:\/\/www.omstartslan.com\/no\/#website"},"datePublished":"2023-02-07T20:45:46+00:00","dateModified":"2023-02-07T20:45:47+00:00","inLanguage":"nb-NO","potentialAction":[{"@type":"ReadAction","target":["https:\/\/www.omstartslan.com\/no\/om-oss\/"]}]},{"@type":"WebSite","@id":"https:\/\/www.omstartslan.com\/no\/#website","url":"https:\/\/www.omstartslan.com\/no\/","name":"Omstartslan Norge","description":"F\u00e5 en ny start med et omstartsl\u00e5n","potentialAction":[{"@type":"SearchAction","target":{"@type":"EntryPoint","urlTemplate":"https:\/\/www.omstartslan.com\/no\/?s={search_term_string}"},"query-input":{"@type":"PropertyValueSpecification","valueRequired":true,"valueName":"search_term_string"}}],"inLanguage":"nb-NO"}]}},"_links":{"self":[{"href":"https:\/\/www.omstartslan.com\/no\/wp-json\/wp\/v2\/pages\/100"}],"collection":[{"href":"https:\/\/www.omstartslan.com\/no\/wp-json\/wp\/v2\/pages"}],"about":[{"href":"https:\/\/www.omstartslan.com\/no\/wp-json\/wp\/v2\/types\/page"}],"author":[{"embeddable":true,"href":"https:\/\/www.omstartslan.com\/no\/wp-json\/wp\/v2\/users\/5"}],"replies":[{"embeddable":true,"href":"https:\/\/www.omstartslan.com\/no\/wp-json\/wp\/v2\/comments?post=100"}],"version-history":[{"count":1,"href":"https:\/\/www.omstartslan.com\/no\/wp-json\/wp\/v2\/pages\/100\/revisions"}],"predecessor-version":[{"id":101,"href":"https:\/\/www.omstartslan.com\/no\/wp-json\/wp\/v2\/pages\/100\/revisions\/101"}],"wp:attachment":[{"href":"https:\/\/www.omstartslan.com\/no\/wp-json\/wp\/v2\/media?parent=100"}],"curies":[{"name":"wp","href":"https:\/\/api.w.org\/{rel}","templated":true}]}}