{"id":211,"date":"2023-02-21T14:35:49","date_gmt":"2023-02-21T13:35:49","guid":{"rendered":"https:\/\/www.omstartslan.com\/no\/?page_id=211"},"modified":"2023-02-21T14:39:40","modified_gmt":"2023-02-21T13:39:40","slug":"refinansiere-inkassogjeld","status":"publish","type":"page","link":"https:\/\/www.omstartslan.com\/no\/refinansiere-inkassogjeld\/","title":{"rendered":"Refinansiere inkassogjeld"},"content":{"rendered":"","protected":false},"excerpt":{"rendered":"","protected":false},"author":5,"featured_media":0,"parent":0,"menu_order":0,"comment_status":"closed","ping_status":"closed","template":"templates\/homepage.php","meta":{"footnotes":""},"class_list":["post-211","page","type-page","status-publish","hentry"],"yoast_head":"<!-- This site is optimized with the Yoast SEO plugin v24.7 - https:\/\/yoast.com\/wordpress\/plugins\/seo\/ -->\n<title>Refinansiere inkassogjeld - Beste rente fra 2,95% (april 2026)<\/title>\n<meta name=\"description\" content=\"Har du ikke har penger til \u00e5 betale ut inkassosaken for \u00f8yeblikket, kan du vurdere \u00e5 ta opp et l\u00e5n for refinansiere inkassogjeld. Se beste tilbud\" \/>\n<meta name=\"robots\" content=\"index, follow, max-snippet:-1, max-image-preview:large, max-video-preview:-1\" \/>\n<link rel=\"canonical\" href=\"https:\/\/www.omstartslan.com\/no\/refinansiere-inkassogjeld\/\" \/>\n<meta property=\"og:locale\" content=\"nb_NO\" \/>\n<meta property=\"og:type\" content=\"article\" \/>\n<meta property=\"og:title\" content=\"Refinansiere inkassogjeld - Beste rente fra 2,95% (april 2026)\" \/>\n<meta property=\"og:description\" content=\"Har du ikke har penger til \u00e5 betale ut inkassosaken for \u00f8yeblikket, kan du vurdere \u00e5 ta opp et l\u00e5n for refinansiere inkassogjeld. Se beste tilbud\" \/>\n<meta property=\"og:url\" content=\"https:\/\/www.omstartslan.com\/no\/refinansiere-inkassogjeld\/\" \/>\n<meta property=\"og:site_name\" content=\"Omstartslan Norge\" \/>\n<meta property=\"article:modified_time\" content=\"2023-02-21T13:39:40+00:00\" \/>\n<meta name=\"twitter:card\" content=\"summary_large_image\" \/>\n<script type=\"application\/ld+json\" class=\"yoast-schema-graph\">{\"@context\":\"https:\/\/schema.org\",\"@graph\":[{\"@type\":\"WebPage\",\"@id\":\"https:\/\/www.omstartslan.com\/no\/refinansiere-inkassogjeld\/\",\"url\":\"https:\/\/www.omstartslan.com\/no\/refinansiere-inkassogjeld\/\",\"name\":\"Refinansiere inkassogjeld - Beste rente fra 2,95% (april 2026)\",\"isPartOf\":{\"@id\":\"https:\/\/www.omstartslan.com\/no\/#website\"},\"datePublished\":\"2023-02-21T13:35:49+00:00\",\"dateModified\":\"2023-02-21T13:39:40+00:00\",\"description\":\"Har du ikke har penger til \u00e5 betale ut inkassosaken for \u00f8yeblikket, kan du vurdere \u00e5 ta opp et l\u00e5n for refinansiere inkassogjeld. Se beste tilbud\",\"inLanguage\":\"nb-NO\",\"potentialAction\":[{\"@type\":\"ReadAction\",\"target\":[\"https:\/\/www.omstartslan.com\/no\/refinansiere-inkassogjeld\/\"]}]},{\"@type\":\"WebSite\",\"@id\":\"https:\/\/www.omstartslan.com\/no\/#website\",\"url\":\"https:\/\/www.omstartslan.com\/no\/\",\"name\":\"Omstartslan Norge\",\"description\":\"F\u00e5 en ny start med et omstartsl\u00e5n\",\"potentialAction\":[{\"@type\":\"SearchAction\",\"target\":{\"@type\":\"EntryPoint\",\"urlTemplate\":\"https:\/\/www.omstartslan.com\/no\/?s={search_term_string}\"},\"query-input\":{\"@type\":\"PropertyValueSpecification\",\"valueRequired\":true,\"valueName\":\"search_term_string\"}}],\"inLanguage\":\"nb-NO\"}]}<\/script>\n<!-- \/ Yoast SEO plugin. -->","yoast_head_json":{"title":"Refinansiere inkassogjeld - Beste rente fra 2,95% (april 2026)","description":"Har du ikke har penger til \u00e5 betale ut inkassosaken for \u00f8yeblikket, kan du vurdere \u00e5 ta opp et l\u00e5n for refinansiere inkassogjeld. Se beste tilbud","robots":{"index":"index","follow":"follow","max-snippet":"max-snippet:-1","max-image-preview":"max-image-preview:large","max-video-preview":"max-video-preview:-1"},"canonical":"https:\/\/www.omstartslan.com\/no\/refinansiere-inkassogjeld\/","og_locale":"nb_NO","og_type":"article","og_title":"Refinansiere inkassogjeld - Beste rente fra 2,95% (april 2026)","og_description":"Har du ikke har penger til \u00e5 betale ut inkassosaken for \u00f8yeblikket, kan du vurdere \u00e5 ta opp et l\u00e5n for refinansiere inkassogjeld. Se beste tilbud","og_url":"https:\/\/www.omstartslan.com\/no\/refinansiere-inkassogjeld\/","og_site_name":"Omstartslan Norge","article_modified_time":"2023-02-21T13:39:40+00:00","twitter_card":"summary_large_image","schema":{"@context":"https:\/\/schema.org","@graph":[{"@type":"WebPage","@id":"https:\/\/www.omstartslan.com\/no\/refinansiere-inkassogjeld\/","url":"https:\/\/www.omstartslan.com\/no\/refinansiere-inkassogjeld\/","name":"Refinansiere inkassogjeld - Beste rente fra 2,95% (april 2026)","isPartOf":{"@id":"https:\/\/www.omstartslan.com\/no\/#website"},"datePublished":"2023-02-21T13:35:49+00:00","dateModified":"2023-02-21T13:39:40+00:00","description":"Har du ikke har penger til \u00e5 betale ut inkassosaken for \u00f8yeblikket, kan du vurdere \u00e5 ta opp et l\u00e5n for refinansiere inkassogjeld. Se beste tilbud","inLanguage":"nb-NO","potentialAction":[{"@type":"ReadAction","target":["https:\/\/www.omstartslan.com\/no\/refinansiere-inkassogjeld\/"]}]},{"@type":"WebSite","@id":"https:\/\/www.omstartslan.com\/no\/#website","url":"https:\/\/www.omstartslan.com\/no\/","name":"Omstartslan Norge","description":"F\u00e5 en ny start med et omstartsl\u00e5n","potentialAction":[{"@type":"SearchAction","target":{"@type":"EntryPoint","urlTemplate":"https:\/\/www.omstartslan.com\/no\/?s={search_term_string}"},"query-input":{"@type":"PropertyValueSpecification","valueRequired":true,"valueName":"search_term_string"}}],"inLanguage":"nb-NO"}]}},"_links":{"self":[{"href":"https:\/\/www.omstartslan.com\/no\/wp-json\/wp\/v2\/pages\/211"}],"collection":[{"href":"https:\/\/www.omstartslan.com\/no\/wp-json\/wp\/v2\/pages"}],"about":[{"href":"https:\/\/www.omstartslan.com\/no\/wp-json\/wp\/v2\/types\/page"}],"author":[{"embeddable":true,"href":"https:\/\/www.omstartslan.com\/no\/wp-json\/wp\/v2\/users\/5"}],"replies":[{"embeddable":true,"href":"https:\/\/www.omstartslan.com\/no\/wp-json\/wp\/v2\/comments?post=211"}],"version-history":[{"count":5,"href":"https:\/\/www.omstartslan.com\/no\/wp-json\/wp\/v2\/pages\/211\/revisions"}],"predecessor-version":[{"id":221,"href":"https:\/\/www.omstartslan.com\/no\/wp-json\/wp\/v2\/pages\/211\/revisions\/221"}],"wp:attachment":[{"href":"https:\/\/www.omstartslan.com\/no\/wp-json\/wp\/v2\/media?parent=211"}],"curies":[{"name":"wp","href":"https:\/\/api.w.org\/{rel}","templated":true}]}}