{"id":239,"date":"2023-04-03T21:48:02","date_gmt":"2023-04-03T20:48:02","guid":{"rendered":"https:\/\/www.omstartslan.com\/no\/?page_id=239"},"modified":"2023-04-03T21:48:02","modified_gmt":"2023-04-03T20:48:02","slug":"refinansieringslan","status":"publish","type":"page","link":"https:\/\/www.omstartslan.com\/no\/refinansieringslan\/","title":{"rendered":"Refinansieringsl\u00e5n"},"content":{"rendered":"","protected":false},"excerpt":{"rendered":"","protected":false},"author":5,"featured_media":0,"parent":0,"menu_order":0,"comment_status":"closed","ping_status":"closed","template":"templates\/homepage.php","meta":{"footnotes":""},"class_list":["post-239","page","type-page","status-publish","hentry"],"yoast_head":"<!-- This site is optimized with the Yoast SEO plugin v24.7 - https:\/\/yoast.com\/wordpress\/plugins\/seo\/ -->\n<title>Refinansieringsl\u00e5n - F\u00e5 beste rente i april 2026<\/title>\n<meta name=\"description\" content=\"Om du sliter med mange sm\u00e5l\u00e5n og kredittkortgjeld kan det fort bli vanskelig \u00e5 holde oversikten. F\u00e5 beste tilbud p\u00e5 et refinansieringsl\u00e5n i dag\" \/>\n<meta name=\"robots\" content=\"index, follow, max-snippet:-1, max-image-preview:large, max-video-preview:-1\" \/>\n<link rel=\"canonical\" href=\"https:\/\/www.omstartslan.com\/no\/refinansieringslan\/\" \/>\n<meta property=\"og:locale\" content=\"nb_NO\" \/>\n<meta property=\"og:type\" content=\"article\" \/>\n<meta property=\"og:title\" content=\"Refinansieringsl\u00e5n - F\u00e5 beste rente i april 2026\" \/>\n<meta property=\"og:description\" content=\"Om du sliter med mange sm\u00e5l\u00e5n og kredittkortgjeld kan det fort bli vanskelig \u00e5 holde oversikten. F\u00e5 beste tilbud p\u00e5 et refinansieringsl\u00e5n i dag\" \/>\n<meta property=\"og:url\" content=\"https:\/\/www.omstartslan.com\/no\/refinansieringslan\/\" \/>\n<meta property=\"og:site_name\" content=\"Omstartslan Norge\" \/>\n<meta name=\"twitter:card\" content=\"summary_large_image\" \/>\n<script type=\"application\/ld+json\" class=\"yoast-schema-graph\">{\"@context\":\"https:\/\/schema.org\",\"@graph\":[{\"@type\":\"WebPage\",\"@id\":\"https:\/\/www.omstartslan.com\/no\/refinansieringslan\/\",\"url\":\"https:\/\/www.omstartslan.com\/no\/refinansieringslan\/\",\"name\":\"Refinansieringsl\u00e5n - F\u00e5 beste rente i april 2026\",\"isPartOf\":{\"@id\":\"https:\/\/www.omstartslan.com\/no\/#website\"},\"datePublished\":\"2023-04-03T20:48:02+00:00\",\"description\":\"Om du sliter med mange sm\u00e5l\u00e5n og kredittkortgjeld kan det fort bli vanskelig \u00e5 holde oversikten. F\u00e5 beste tilbud p\u00e5 et refinansieringsl\u00e5n i dag\",\"inLanguage\":\"nb-NO\",\"potentialAction\":[{\"@type\":\"ReadAction\",\"target\":[\"https:\/\/www.omstartslan.com\/no\/refinansieringslan\/\"]}]},{\"@type\":\"WebSite\",\"@id\":\"https:\/\/www.omstartslan.com\/no\/#website\",\"url\":\"https:\/\/www.omstartslan.com\/no\/\",\"name\":\"Omstartslan Norge\",\"description\":\"F\u00e5 en ny start med et omstartsl\u00e5n\",\"potentialAction\":[{\"@type\":\"SearchAction\",\"target\":{\"@type\":\"EntryPoint\",\"urlTemplate\":\"https:\/\/www.omstartslan.com\/no\/?s={search_term_string}\"},\"query-input\":{\"@type\":\"PropertyValueSpecification\",\"valueRequired\":true,\"valueName\":\"search_term_string\"}}],\"inLanguage\":\"nb-NO\"}]}<\/script>\n<!-- \/ Yoast SEO plugin. -->","yoast_head_json":{"title":"Refinansieringsl\u00e5n - F\u00e5 beste rente i april 2026","description":"Om du sliter med mange sm\u00e5l\u00e5n og kredittkortgjeld kan det fort bli vanskelig \u00e5 holde oversikten. F\u00e5 beste tilbud p\u00e5 et refinansieringsl\u00e5n i dag","robots":{"index":"index","follow":"follow","max-snippet":"max-snippet:-1","max-image-preview":"max-image-preview:large","max-video-preview":"max-video-preview:-1"},"canonical":"https:\/\/www.omstartslan.com\/no\/refinansieringslan\/","og_locale":"nb_NO","og_type":"article","og_title":"Refinansieringsl\u00e5n - F\u00e5 beste rente i april 2026","og_description":"Om du sliter med mange sm\u00e5l\u00e5n og kredittkortgjeld kan det fort bli vanskelig \u00e5 holde oversikten. F\u00e5 beste tilbud p\u00e5 et refinansieringsl\u00e5n i dag","og_url":"https:\/\/www.omstartslan.com\/no\/refinansieringslan\/","og_site_name":"Omstartslan Norge","twitter_card":"summary_large_image","schema":{"@context":"https:\/\/schema.org","@graph":[{"@type":"WebPage","@id":"https:\/\/www.omstartslan.com\/no\/refinansieringslan\/","url":"https:\/\/www.omstartslan.com\/no\/refinansieringslan\/","name":"Refinansieringsl\u00e5n - F\u00e5 beste rente i april 2026","isPartOf":{"@id":"https:\/\/www.omstartslan.com\/no\/#website"},"datePublished":"2023-04-03T20:48:02+00:00","description":"Om du sliter med mange sm\u00e5l\u00e5n og kredittkortgjeld kan det fort bli vanskelig \u00e5 holde oversikten. F\u00e5 beste tilbud p\u00e5 et refinansieringsl\u00e5n i dag","inLanguage":"nb-NO","potentialAction":[{"@type":"ReadAction","target":["https:\/\/www.omstartslan.com\/no\/refinansieringslan\/"]}]},{"@type":"WebSite","@id":"https:\/\/www.omstartslan.com\/no\/#website","url":"https:\/\/www.omstartslan.com\/no\/","name":"Omstartslan Norge","description":"F\u00e5 en ny start med et omstartsl\u00e5n","potentialAction":[{"@type":"SearchAction","target":{"@type":"EntryPoint","urlTemplate":"https:\/\/www.omstartslan.com\/no\/?s={search_term_string}"},"query-input":{"@type":"PropertyValueSpecification","valueRequired":true,"valueName":"search_term_string"}}],"inLanguage":"nb-NO"}]}},"_links":{"self":[{"href":"https:\/\/www.omstartslan.com\/no\/wp-json\/wp\/v2\/pages\/239"}],"collection":[{"href":"https:\/\/www.omstartslan.com\/no\/wp-json\/wp\/v2\/pages"}],"about":[{"href":"https:\/\/www.omstartslan.com\/no\/wp-json\/wp\/v2\/types\/page"}],"author":[{"embeddable":true,"href":"https:\/\/www.omstartslan.com\/no\/wp-json\/wp\/v2\/users\/5"}],"replies":[{"embeddable":true,"href":"https:\/\/www.omstartslan.com\/no\/wp-json\/wp\/v2\/comments?post=239"}],"version-history":[{"count":1,"href":"https:\/\/www.omstartslan.com\/no\/wp-json\/wp\/v2\/pages\/239\/revisions"}],"predecessor-version":[{"id":240,"href":"https:\/\/www.omstartslan.com\/no\/wp-json\/wp\/v2\/pages\/239\/revisions\/240"}],"wp:attachment":[{"href":"https:\/\/www.omstartslan.com\/no\/wp-json\/wp\/v2\/media?parent=239"}],"curies":[{"name":"wp","href":"https:\/\/api.w.org\/{rel}","templated":true}]}}