{"id":4,"date":"2023-02-05T21:37:58","date_gmt":"2023-02-05T21:37:58","guid":{"rendered":"https:\/\/www.omstartslan.com\/no\/?page_id=4"},"modified":"2024-08-23T20:47:20","modified_gmt":"2024-08-23T19:47:20","slug":"omstartslan","status":"publish","type":"page","link":"https:\/\/www.omstartslan.com\/no\/","title":{"rendered":"Omstartsl\u00e5n"},"content":{"rendered":"","protected":false},"excerpt":{"rendered":"","protected":false},"author":2,"featured_media":6,"parent":0,"menu_order":0,"comment_status":"closed","ping_status":"closed","template":"templates\/homepage.php","meta":{"footnotes":""},"class_list":["post-4","page","type-page","status-publish","has-post-thumbnail","hentry"],"yoast_head":"<!-- This site is optimized with the Yoast SEO plugin v24.7 - https:\/\/yoast.com\/wordpress\/plugins\/seo\/ -->\n<title>Omstartsl\u00e5n - F\u00e5 en ny start - Rente fra 2,95% (april 2026)<\/title>\n<meta name=\"description\" content=\"Omstartsl\u00e5n er et l\u00e5netibud for deg som kan stille med sikkerhet i egen bolig. P\u00e5 denne m\u00e5ten kan du ta opp l\u00e5n med betalingsanmerkning\" \/>\n<meta name=\"robots\" content=\"index, follow, max-snippet:-1, max-image-preview:large, max-video-preview:-1\" \/>\n<link rel=\"canonical\" href=\"https:\/\/www.omstartslan.com\/no\/\" \/>\n<meta property=\"og:locale\" content=\"nb_NO\" \/>\n<meta property=\"og:type\" content=\"article\" \/>\n<meta property=\"og:title\" content=\"Omstartsl\u00e5n - F\u00e5 en ny start - Rente fra 2,95% (april 2026)\" \/>\n<meta property=\"og:description\" content=\"Omstartsl\u00e5n er et l\u00e5netibud for deg som kan stille med sikkerhet i egen bolig. P\u00e5 denne m\u00e5ten kan du ta opp l\u00e5n med betalingsanmerkning\" \/>\n<meta property=\"og:url\" content=\"https:\/\/www.omstartslan.com\/no\/\" \/>\n<meta property=\"og:site_name\" content=\"Omstartslan Norge\" \/>\n<meta property=\"article:modified_time\" content=\"2024-08-23T19:47:20+00:00\" \/>\n<meta property=\"og:image\" content=\"https:\/\/www.omstartslan.com\/no\/wp-content\/uploads\/sites\/3\/2023\/02\/iStock-1197547531.jpeg\" \/>\n\t<meta property=\"og:image:width\" content=\"1254\" \/>\n\t<meta property=\"og:image:height\" content=\"836\" \/>\n\t<meta property=\"og:image:type\" content=\"image\/jpeg\" \/>\n<meta name=\"twitter:card\" content=\"summary_large_image\" \/>\n<script type=\"application\/ld+json\" class=\"yoast-schema-graph\">{\"@context\":\"https:\/\/schema.org\",\"@graph\":[{\"@type\":\"WebPage\",\"@id\":\"https:\/\/www.omstartslan.com\/no\/\",\"url\":\"https:\/\/www.omstartslan.com\/no\/\",\"name\":\"Omstartsl\u00e5n - F\u00e5 en ny start - Rente fra 2,95% (april 2026)\",\"isPartOf\":{\"@id\":\"https:\/\/www.omstartslan.com\/no\/#website\"},\"primaryImageOfPage\":{\"@id\":\"https:\/\/www.omstartslan.com\/no\/#primaryimage\"},\"image\":{\"@id\":\"https:\/\/www.omstartslan.com\/no\/#primaryimage\"},\"thumbnailUrl\":\"https:\/\/www.omstartslan.com\/no\/wp-content\/uploads\/sites\/3\/2023\/02\/iStock-1197547531.jpeg\",\"datePublished\":\"2023-02-05T21:37:58+00:00\",\"dateModified\":\"2024-08-23T19:47:20+00:00\",\"description\":\"Omstartsl\u00e5n er et l\u00e5netibud for deg som kan stille med sikkerhet i egen bolig. P\u00e5 denne m\u00e5ten kan du ta opp l\u00e5n med betalingsanmerkning\",\"inLanguage\":\"nb-NO\",\"potentialAction\":[{\"@type\":\"ReadAction\",\"target\":[\"https:\/\/www.omstartslan.com\/no\/\"]}]},{\"@type\":\"ImageObject\",\"inLanguage\":\"nb-NO\",\"@id\":\"https:\/\/www.omstartslan.com\/no\/#primaryimage\",\"url\":\"https:\/\/www.omstartslan.com\/no\/wp-content\/uploads\/sites\/3\/2023\/02\/iStock-1197547531.jpeg\",\"contentUrl\":\"https:\/\/www.omstartslan.com\/no\/wp-content\/uploads\/sites\/3\/2023\/02\/iStock-1197547531.jpeg\",\"width\":1254,\"height\":836,\"caption\":\"Omstartsl\u00e5n\"},{\"@type\":\"WebSite\",\"@id\":\"https:\/\/www.omstartslan.com\/no\/#website\",\"url\":\"https:\/\/www.omstartslan.com\/no\/\",\"name\":\"Omstartslan Norge\",\"description\":\"F\u00e5 en ny start med et omstartsl\u00e5n\",\"potentialAction\":[{\"@type\":\"SearchAction\",\"target\":{\"@type\":\"EntryPoint\",\"urlTemplate\":\"https:\/\/www.omstartslan.com\/no\/?s={search_term_string}\"},\"query-input\":{\"@type\":\"PropertyValueSpecification\",\"valueRequired\":true,\"valueName\":\"search_term_string\"}}],\"inLanguage\":\"nb-NO\"}]}<\/script>\n<!-- \/ Yoast SEO plugin. -->","yoast_head_json":{"title":"Omstartsl\u00e5n - F\u00e5 en ny start - Rente fra 2,95% (april 2026)","description":"Omstartsl\u00e5n er et l\u00e5netibud for deg som kan stille med sikkerhet i egen bolig. P\u00e5 denne m\u00e5ten kan du ta opp l\u00e5n med betalingsanmerkning","robots":{"index":"index","follow":"follow","max-snippet":"max-snippet:-1","max-image-preview":"max-image-preview:large","max-video-preview":"max-video-preview:-1"},"canonical":"https:\/\/www.omstartslan.com\/no\/","og_locale":"nb_NO","og_type":"article","og_title":"Omstartsl\u00e5n - F\u00e5 en ny start - Rente fra 2,95% (april 2026)","og_description":"Omstartsl\u00e5n er et l\u00e5netibud for deg som kan stille med sikkerhet i egen bolig. P\u00e5 denne m\u00e5ten kan du ta opp l\u00e5n med betalingsanmerkning","og_url":"https:\/\/www.omstartslan.com\/no\/","og_site_name":"Omstartslan Norge","article_modified_time":"2024-08-23T19:47:20+00:00","og_image":[{"width":1254,"height":836,"url":"https:\/\/www.omstartslan.com\/no\/wp-content\/uploads\/sites\/3\/2023\/02\/iStock-1197547531.jpeg","type":"image\/jpeg"}],"twitter_card":"summary_large_image","schema":{"@context":"https:\/\/schema.org","@graph":[{"@type":"WebPage","@id":"https:\/\/www.omstartslan.com\/no\/","url":"https:\/\/www.omstartslan.com\/no\/","name":"Omstartsl\u00e5n - F\u00e5 en ny start - Rente fra 2,95% (april 2026)","isPartOf":{"@id":"https:\/\/www.omstartslan.com\/no\/#website"},"primaryImageOfPage":{"@id":"https:\/\/www.omstartslan.com\/no\/#primaryimage"},"image":{"@id":"https:\/\/www.omstartslan.com\/no\/#primaryimage"},"thumbnailUrl":"https:\/\/www.omstartslan.com\/no\/wp-content\/uploads\/sites\/3\/2023\/02\/iStock-1197547531.jpeg","datePublished":"2023-02-05T21:37:58+00:00","dateModified":"2024-08-23T19:47:20+00:00","description":"Omstartsl\u00e5n er et l\u00e5netibud for deg som kan stille med sikkerhet i egen bolig. P\u00e5 denne m\u00e5ten kan du ta opp l\u00e5n med betalingsanmerkning","inLanguage":"nb-NO","potentialAction":[{"@type":"ReadAction","target":["https:\/\/www.omstartslan.com\/no\/"]}]},{"@type":"ImageObject","inLanguage":"nb-NO","@id":"https:\/\/www.omstartslan.com\/no\/#primaryimage","url":"https:\/\/www.omstartslan.com\/no\/wp-content\/uploads\/sites\/3\/2023\/02\/iStock-1197547531.jpeg","contentUrl":"https:\/\/www.omstartslan.com\/no\/wp-content\/uploads\/sites\/3\/2023\/02\/iStock-1197547531.jpeg","width":1254,"height":836,"caption":"Omstartsl\u00e5n"},{"@type":"WebSite","@id":"https:\/\/www.omstartslan.com\/no\/#website","url":"https:\/\/www.omstartslan.com\/no\/","name":"Omstartslan Norge","description":"F\u00e5 en ny start med et omstartsl\u00e5n","potentialAction":[{"@type":"SearchAction","target":{"@type":"EntryPoint","urlTemplate":"https:\/\/www.omstartslan.com\/no\/?s={search_term_string}"},"query-input":{"@type":"PropertyValueSpecification","valueRequired":true,"valueName":"search_term_string"}}],"inLanguage":"nb-NO"}]}},"_links":{"self":[{"href":"https:\/\/www.omstartslan.com\/no\/wp-json\/wp\/v2\/pages\/4"}],"collection":[{"href":"https:\/\/www.omstartslan.com\/no\/wp-json\/wp\/v2\/pages"}],"about":[{"href":"https:\/\/www.omstartslan.com\/no\/wp-json\/wp\/v2\/types\/page"}],"author":[{"embeddable":true,"href":"https:\/\/www.omstartslan.com\/no\/wp-json\/wp\/v2\/users\/2"}],"replies":[{"embeddable":true,"href":"https:\/\/www.omstartslan.com\/no\/wp-json\/wp\/v2\/comments?post=4"}],"version-history":[{"count":41,"href":"https:\/\/www.omstartslan.com\/no\/wp-json\/wp\/v2\/pages\/4\/revisions"}],"predecessor-version":[{"id":254,"href":"https:\/\/www.omstartslan.com\/no\/wp-json\/wp\/v2\/pages\/4\/revisions\/254"}],"wp:featuredmedia":[{"embeddable":true,"href":"https:\/\/www.omstartslan.com\/no\/wp-json\/wp\/v2\/media\/6"}],"wp:attachment":[{"href":"https:\/\/www.omstartslan.com\/no\/wp-json\/wp\/v2\/media?parent=4"}],"curies":[{"name":"wp","href":"https:\/\/api.w.org\/{rel}","templated":true}]}}